{"id":56,"date":"2023-12-19T16:18:36","date_gmt":"2023-12-19T15:18:36","guid":{"rendered":"https:\/\/bzv-ilmenau.de\/?page_id=56"},"modified":"2025-01-16T18:34:57","modified_gmt":"2025-01-16T17:34:57","slug":"wer-wir-sind","status":"publish","type":"page","link":"https:\/\/bzv-ilmenau.de\/index.php\/wer-wir-sind\/","title":{"rendered":"Wer wir sind"},"content":{"rendered":"\n<p>Der Bienenz\u00fcchterverein Ilmenau e. V. besteht vor allem aus Hobbyimkern. Unsere Mitglieder kommen sowohl aus dem Ilmenauer Stadtgebiet als auch aus den Ortschaften Gro\u00dfbreitenbach, Altenfeld, M\u00f6hrenbach, Gehren, Jesuborn, Langewiesen, Heyda, B\u00fccheloh, W\u00fcmbach, Unterp\u00f6rlitz, Gr\u00e4finau-Angstedt, St\u00fctzerbach, Manebach und Elgersburg.<\/p>\n\n\n\n<p>Der Bienenz\u00fcchterverein Ilmenau e. V. wurde 1888 gegr\u00fcndet und kann auf eine lange Tradition zur\u00fcckblicken. Unser Verein ist Mitglied im&nbsp;<a href=\"https:\/\/neu.lvthi.de\/\" target=\"_blank\" rel=\"noreferrer noopener\">Landesverband Th\u00fcringer Imker e.V.<\/a>&nbsp;und im&nbsp;<a href=\"http:\/\/www.deutscherimkerbund.de\/\" target=\"_blank\" rel=\"noreferrer noopener\">Deutschen Imkerbund e.V<\/a><\/p>\n","protected":false},"excerpt":{"rendered":"<p>Der Bienenz\u00fcchterverein Ilmenau e. V. besteht vor allem aus Hobbyimkern. Unsere Mitglieder kommen sowohl aus dem Ilmenauer Stadtgebiet als auch aus den Ortschaften Gro\u00dfbreitenbach, Altenfeld, M\u00f6hrenbach, Gehren, Jesuborn, Langewiesen, Heyda, [&hellip;]<\/p>\n","protected":false},"author":2,"featured_media":0,"parent":0,"menu_order":0,"comment_status":"closed","ping_status":"closed","template":"","meta":{"site-sidebar-layout":"default","site-content-layout":"","ast-site-content-layout":"default","site-content-style":"default","site-sidebar-style":"default","ast-global-header-display":"","ast-banner-title-visibility":"","ast-main-header-display":"","ast-hfb-above-header-display":"","ast-hfb-below-header-display":"","ast-hfb-mobile-header-display":"","site-post-title":"","ast-breadcrumbs-content":"","ast-featured-img":"","footer-sml-layout":"","ast-disable-related-posts":"","theme-transparent-header-meta":"","adv-header-id-meta":"","stick-header-meta":"","header-above-stick-meta":"","header-main-stick-meta":"","header-below-stick-meta":"","astra-migrate-meta-layouts":"default","ast-page-background-enabled":"default","ast-page-background-meta":{"desktop":{"background-color":"var(--ast-global-color-5)","background-image":"","background-repeat":"repeat","background-position":"center center","background-size":"auto","background-attachment":"scroll","background-type":"","background-media":"","overlay-type":"","overlay-color":"","overlay-opacity":"","overlay-gradient":""},"tablet":{"background-color":"","background-image":"","background-repeat":"repeat","background-position":"center center","background-size":"auto","background-attachment":"scroll","background-type":"","background-media":"","overlay-type":"","overlay-color":"","overlay-opacity":"","overlay-gradient":""},"mobile":{"background-color":"","background-image":"","background-repeat":"repeat","background-position":"center center","background-size":"auto","background-attachment":"scroll","background-type":"","background-media":"","overlay-type":"","overlay-color":"","overlay-opacity":"","overlay-gradient":""}},"ast-content-background-meta":{"desktop":{"background-color":"var(--ast-global-color-4)","background-image":"","background-repeat":"repeat","background-position":"center center","background-size":"auto","background-attachment":"scroll","background-type":"","background-media":"","overlay-type":"","overlay-color":"","overlay-opacity":"","overlay-gradient":""},"tablet":{"background-color":"var(--ast-global-color-4)","background-image":"","background-repeat":"repeat","background-position":"center center","background-size":"auto","background-attachment":"scroll","background-type":"","background-media":"","overlay-type":"","overlay-color":"","overlay-opacity":"","overlay-gradient":""},"mobile":{"background-color":"var(--ast-global-color-4)","background-image":"","background-repeat":"repeat","background-position":"center center","background-size":"auto","background-attachment":"scroll","background-type":"","background-media":"","overlay-type":"","overlay-color":"","overlay-opacity":"","overlay-gradient":""}},"footnotes":""},"class_list":["post-56","page","type-page","status-publish","hentry"],"_links":{"self":[{"href":"https:\/\/bzv-ilmenau.de\/index.php\/wp-json\/wp\/v2\/pages\/56","targetHints":{"allow":["GET"]}}],"collection":[{"href":"https:\/\/bzv-ilmenau.de\/index.php\/wp-json\/wp\/v2\/pages"}],"about":[{"href":"https:\/\/bzv-ilmenau.de\/index.php\/wp-json\/wp\/v2\/types\/page"}],"author":[{"embeddable":true,"href":"https:\/\/bzv-ilmenau.de\/index.php\/wp-json\/wp\/v2\/users\/2"}],"replies":[{"embeddable":true,"href":"https:\/\/bzv-ilmenau.de\/index.php\/wp-json\/wp\/v2\/comments?post=56"}],"version-history":[{"count":12,"href":"https:\/\/bzv-ilmenau.de\/index.php\/wp-json\/wp\/v2\/pages\/56\/revisions"}],"predecessor-version":[{"id":338,"href":"https:\/\/bzv-ilmenau.de\/index.php\/wp-json\/wp\/v2\/pages\/56\/revisions\/338"}],"wp:attachment":[{"href":"https:\/\/bzv-ilmenau.de\/index.php\/wp-json\/wp\/v2\/media?parent=56"}],"curies":[{"name":"wp","href":"https:\/\/api.w.org\/{rel}","templated":true}]}}