{"id":11,"date":"2026-03-05T13:16:54","date_gmt":"2026-03-05T12:16:54","guid":{"rendered":"https:\/\/bzv-ilmenau.de\/?page_id=11"},"modified":"2026-03-11T16:40:45","modified_gmt":"2026-03-11T15:40:45","slug":"startseite","status":"publish","type":"page","link":"https:\/\/bzv-ilmenau.de\/","title":{"rendered":"Willkommen beim Bienenz\u00fcchterverein Ilmenau e.V."},"content":{"rendered":"\n<figure class=\"wp-block-image aligncenter is-resized has-custom-border\" style=\"margin-top:var(--wp--preset--spacing--40);margin-bottom:var(--wp--preset--spacing--40)\"><img loading=\"lazy\" decoding=\"async\" width=\"1024\" height=\"1024\" src=\"https:\/\/bzv-ilmenau.de\/wp-content\/uploads\/2026\/03\/biene_konstruktion.jpg\" alt=\"\" class=\"wp-image-513\" style=\"border-style:none;border-width:0px;border-top-left-radius:81px;border-top-right-radius:81px;border-bottom-left-radius:81px;border-bottom-right-radius:81px;width:337px;height:auto\" srcset=\"https:\/\/bzv-ilmenau.de\/wp-content\/uploads\/2026\/03\/biene_konstruktion.jpg 1024w, https:\/\/bzv-ilmenau.de\/wp-content\/uploads\/2026\/03\/biene_konstruktion-300x300.jpg 300w, https:\/\/bzv-ilmenau.de\/wp-content\/uploads\/2026\/03\/biene_konstruktion-150x150.jpg 150w, https:\/\/bzv-ilmenau.de\/wp-content\/uploads\/2026\/03\/biene_konstruktion-768x768.jpg 768w\" sizes=\"auto, (max-width: 1024px) 100vw, 1024px\" \/><figcaption class=\"wp-element-caption\"><strong>Unsere Website wird zur Zeit aktualisiert. An der einen oder anderen Stellen kann die Funktion beeintr\u00e4chtigt sein. Wir bitten um Verst\u00e4ndnis.<\/strong><\/figcaption><\/figure>\n\n\n\n<figure class=\"wp-block-gallery has-nested-images columns-default is-cropped wp-block-gallery-1 is-layout-flex wp-block-gallery-is-layout-flex\">\n<figure class=\"wp-block-image size-medium\"><img loading=\"lazy\" decoding=\"async\" width=\"300\" height=\"200\" data-id=\"505\" src=\"https:\/\/bzv-ilmenau.de\/wp-content\/uploads\/2026\/03\/NABU_Plaue_1_b-edited-300x200.jpg\" alt=\"\" class=\"wp-image-505\" srcset=\"https:\/\/bzv-ilmenau.de\/wp-content\/uploads\/2026\/03\/NABU_Plaue_1_b-edited-300x200.jpg 300w, https:\/\/bzv-ilmenau.de\/wp-content\/uploads\/2026\/03\/NABU_Plaue_1_b-edited.jpg 375w\" sizes=\"auto, (max-width: 300px) 100vw, 300px\" \/><\/figure>\n\n\n\n<figure class=\"wp-block-image size-large\"><img loading=\"lazy\" decoding=\"async\" width=\"1024\" height=\"683\" data-id=\"138\" src=\"https:\/\/bzv-ilmenau.de\/wp-content\/uploads\/2024\/05\/BEN_7501-1024x683.jpg\" alt=\"\" class=\"wp-image-138\" srcset=\"https:\/\/bzv-ilmenau.de\/wp-content\/uploads\/2024\/05\/BEN_7501-1024x683.jpg 1024w, https:\/\/bzv-ilmenau.de\/wp-content\/uploads\/2024\/05\/BEN_7501-300x200.jpg 300w, https:\/\/bzv-ilmenau.de\/wp-content\/uploads\/2024\/05\/BEN_7501-768x512.jpg 768w, https:\/\/bzv-ilmenau.de\/wp-content\/uploads\/2024\/05\/BEN_7501-1536x1024.jpg 1536w, https:\/\/bzv-ilmenau.de\/wp-content\/uploads\/2024\/05\/BEN_7501-2048x1365.jpg 2048w\" sizes=\"auto, (max-width: 1024px) 100vw, 1024px\" \/><\/figure>\n\n\n\n<figure class=\"wp-block-image size-large\"><img loading=\"lazy\" decoding=\"async\" width=\"1024\" height=\"683\" data-id=\"132\" src=\"https:\/\/bzv-ilmenau.de\/wp-content\/uploads\/2024\/05\/BEN_7445-1024x683.jpg\" alt=\"\" class=\"wp-image-132\" srcset=\"https:\/\/bzv-ilmenau.de\/wp-content\/uploads\/2024\/05\/BEN_7445-1024x683.jpg 1024w, https:\/\/bzv-ilmenau.de\/wp-content\/uploads\/2024\/05\/BEN_7445-300x200.jpg 300w, https:\/\/bzv-ilmenau.de\/wp-content\/uploads\/2024\/05\/BEN_7445-768x512.jpg 768w, https:\/\/bzv-ilmenau.de\/wp-content\/uploads\/2024\/05\/BEN_7445-1536x1024.jpg 1536w, https:\/\/bzv-ilmenau.de\/wp-content\/uploads\/2024\/05\/BEN_7445-2048x1365.jpg 2048w\" sizes=\"auto, (max-width: 1024px) 100vw, 1024px\" \/><\/figure>\n<\/figure>\n\n\n\n<p class=\"has-vivid-red-color has-text-color has-background has-link-color wp-elements-31e009ad268ebe9edcfcf0175fc1cfdc\" style=\"background:linear-gradient(1deg,rgb(252,185,0) 0%,rgb(255,105,0) 100%);font-size:17px;line-height:0\"><strong><mark style=\"background-color:rgba(0, 0, 0, 0);color:#cf2e2e\" class=\"has-inline-color\">Wer wir sind<\/mark><\/strong><\/p>\n\n\n\n<p class=\"has-ast-global-color-8-color has-text-color has-link-color has-medium-font-size wp-elements-61a62b45fb8caac6ae0fa86b321d5a87\">Der Bienenz\u00fcchterverein Ilmenau e. V. besteht vor allem aus Hobbyimkern. Unsere Mitglieder kommen sowohl aus dem Ilmenauer Stadtgebiet als auch aus den Ortschaften Gro\u00dfbreitenbach, Altenfeld, M\u00f6hrenbach, Gehren, Jesuborn, Langewiesen, Heyda, B\u00fccheloh, W\u00fcmbach, Unterp\u00f6rlitz, Gr\u00e4finau-Angstedt, St\u00fctzerbach, Manebach und Elgersburg.<\/p>\n\n\n\n<p class=\"has-ast-global-color-8-color has-text-color has-link-color has-medium-font-size wp-elements-040a2ae165149fc4fa27c3482cffa074\">In den letzten Jahren hat der Verein eine positive Mitgliederentwicklung erfahren. Von 29 Mitgliedern im Jahr 2014 z\u00e4hlen wir zum 05. M\u00e4rz 2026 nun 60 Mitglieder. Das Durchschnittsalter unserer Imker betr\u00e4gt 57,2 Jahre. Von ihnen werden \u00fcber 260 Bienenv\u00f6lker betreut. Der Bienenz\u00fcchterverein Ilmenau e. V. wurde 1888 gegr\u00fcndet und kann auf eine 138 Jahre w\u00e4hrende Tradition zur\u00fcckblicken. Unser Verein ist Mitglied im&nbsp;<a href=\"http:\/\/www.lvti.de\/\" target=\"_blank\" rel=\"noreferrer noopener\">Landesverband Th\u00fcringer Imker e.V.<\/a>&nbsp;und im&nbsp;<a href=\"http:\/\/www.deutscherimkerbund.de\/\" target=\"_blank\" rel=\"noreferrer noopener\">Deutschen Imkerbund e.V.<\/a>.<\/p>\n\n\n\n<figure class=\"wp-block-gallery has-nested-images columns-default is-cropped wp-block-gallery-2 is-layout-flex wp-block-gallery-is-layout-flex\">\n<figure class=\"wp-block-image size-large\"><img loading=\"lazy\" decoding=\"async\" width=\"1024\" height=\"577\" data-id=\"552\" src=\"https:\/\/bzv-ilmenau.de\/wp-content\/uploads\/2026\/03\/20250304_122401-1024x577.jpg\" alt=\"\" class=\"wp-image-552\" srcset=\"https:\/\/bzv-ilmenau.de\/wp-content\/uploads\/2026\/03\/20250304_122401-1024x577.jpg 1024w, https:\/\/bzv-ilmenau.de\/wp-content\/uploads\/2026\/03\/20250304_122401-300x169.jpg 300w, https:\/\/bzv-ilmenau.de\/wp-content\/uploads\/2026\/03\/20250304_122401-768x432.jpg 768w, https:\/\/bzv-ilmenau.de\/wp-content\/uploads\/2026\/03\/20250304_122401-1536x865.jpg 1536w, https:\/\/bzv-ilmenau.de\/wp-content\/uploads\/2026\/03\/20250304_122401-2048x1153.jpg 2048w\" sizes=\"auto, (max-width: 1024px) 100vw, 1024px\" \/><\/figure>\n\n\n\n<figure class=\"wp-block-image size-large\"><img loading=\"lazy\" decoding=\"async\" width=\"1024\" height=\"577\" data-id=\"545\" src=\"https:\/\/bzv-ilmenau.de\/wp-content\/uploads\/2026\/03\/20260305_145225-1024x577.jpg\" alt=\"\" class=\"wp-image-545\" srcset=\"https:\/\/bzv-ilmenau.de\/wp-content\/uploads\/2026\/03\/20260305_145225-1024x577.jpg 1024w, https:\/\/bzv-ilmenau.de\/wp-content\/uploads\/2026\/03\/20260305_145225-300x169.jpg 300w, https:\/\/bzv-ilmenau.de\/wp-content\/uploads\/2026\/03\/20260305_145225-768x432.jpg 768w, https:\/\/bzv-ilmenau.de\/wp-content\/uploads\/2026\/03\/20260305_145225-1536x865.jpg 1536w, https:\/\/bzv-ilmenau.de\/wp-content\/uploads\/2026\/03\/20260305_145225-2048x1153.jpg 2048w\" sizes=\"auto, (max-width: 1024px) 100vw, 1024px\" \/><\/figure>\n\n\n\n<figure class=\"wp-block-image size-full\"><img loading=\"lazy\" decoding=\"async\" width=\"640\" height=\"427\" data-id=\"37\" src=\"https:\/\/bzv-ilmenau.de\/wp-content\/uploads\/2023\/11\/c_Honigernte.jpeg\" alt=\"\" class=\"wp-image-37\" srcset=\"https:\/\/bzv-ilmenau.de\/wp-content\/uploads\/2023\/11\/c_Honigernte.jpeg 640w, https:\/\/bzv-ilmenau.de\/wp-content\/uploads\/2023\/11\/c_Honigernte-300x200.jpeg 300w\" sizes=\"auto, (max-width: 640px) 100vw, 640px\" \/><\/figure>\n<\/figure>\n\n\n\n<p><\/p>\n","protected":false},"excerpt":{"rendered":"<p>Wer wir sind Der Bienenz\u00fcchterverein Ilmenau e. V. besteht vor allem aus Hobbyimkern. Unsere Mitglieder kommen sowohl aus dem Ilmenauer Stadtgebiet als auch aus den Ortschaften Gro\u00dfbreitenbach, Altenfeld, M\u00f6hrenbach, Gehren, [&hellip;]<\/p>\n","protected":false},"author":6,"featured_media":0,"parent":0,"menu_order":0,"comment_status":"closed","ping_status":"closed","template":"","meta":{"site-sidebar-layout":"default","site-content-layout":"","ast-site-content-layout":"default","site-content-style":"default","site-sidebar-style":"default","ast-global-header-display":"","ast-banner-title-visibility":"","ast-main-header-display":"","ast-hfb-above-header-display":"","ast-hfb-below-header-display":"","ast-hfb-mobile-header-display":"","site-post-title":"","ast-breadcrumbs-content":"","ast-featured-img":"","footer-sml-layout":"","ast-disable-related-posts":"","theme-transparent-header-meta":"","adv-header-id-meta":"","stick-header-meta":"","header-above-stick-meta":"","header-main-stick-meta":"","header-below-stick-meta":"","astra-migrate-meta-layouts":"default","ast-page-background-enabled":"default","ast-page-background-meta":{"desktop":{"background-color":"var(--ast-global-color-5)","background-image":"","background-repeat":"repeat","background-position":"center center","background-size":"auto","background-attachment":"scroll","background-type":"","background-media":"","overlay-type":"","overlay-color":"","overlay-opacity":"","overlay-gradient":""},"tablet":{"background-color":"","background-image":"","background-repeat":"repeat","background-position":"center center","background-size":"auto","background-attachment":"scroll","background-type":"","background-media":"","overlay-type":"","overlay-color":"","overlay-opacity":"","overlay-gradient":""},"mobile":{"background-color":"","background-image":"","background-repeat":"repeat","background-position":"center center","background-size":"auto","background-attachment":"scroll","background-type":"","background-media":"","overlay-type":"","overlay-color":"","overlay-opacity":"","overlay-gradient":""}},"ast-content-background-meta":{"desktop":{"background-color":"var(--ast-global-color-4)","background-image":"","background-repeat":"repeat","background-position":"center center","background-size":"auto","background-attachment":"scroll","background-type":"","background-media":"","overlay-type":"","overlay-color":"","overlay-opacity":"","overlay-gradient":""},"tablet":{"background-color":"var(--ast-global-color-4)","background-image":"","background-repeat":"repeat","background-position":"center center","background-size":"auto","background-attachment":"scroll","background-type":"","background-media":"","overlay-type":"","overlay-color":"","overlay-opacity":"","overlay-gradient":""},"mobile":{"background-color":"var(--ast-global-color-4)","background-image":"","background-repeat":"repeat","background-position":"center center","background-size":"auto","background-attachment":"scroll","background-type":"","background-media":"","overlay-type":"","overlay-color":"","overlay-opacity":"","overlay-gradient":""}},"footnotes":""},"class_list":["post-11","page","type-page","status-publish","hentry"],"_links":{"self":[{"href":"https:\/\/bzv-ilmenau.de\/index.php\/wp-json\/wp\/v2\/pages\/11","targetHints":{"allow":["GET"]}}],"collection":[{"href":"https:\/\/bzv-ilmenau.de\/index.php\/wp-json\/wp\/v2\/pages"}],"about":[{"href":"https:\/\/bzv-ilmenau.de\/index.php\/wp-json\/wp\/v2\/types\/page"}],"author":[{"embeddable":true,"href":"https:\/\/bzv-ilmenau.de\/index.php\/wp-json\/wp\/v2\/users\/6"}],"replies":[{"embeddable":true,"href":"https:\/\/bzv-ilmenau.de\/index.php\/wp-json\/wp\/v2\/comments?post=11"}],"version-history":[{"count":28,"href":"https:\/\/bzv-ilmenau.de\/index.php\/wp-json\/wp\/v2\/pages\/11\/revisions"}],"predecessor-version":[{"id":650,"href":"https:\/\/bzv-ilmenau.de\/index.php\/wp-json\/wp\/v2\/pages\/11\/revisions\/650"}],"wp:attachment":[{"href":"https:\/\/bzv-ilmenau.de\/index.php\/wp-json\/wp\/v2\/media?parent=11"}],"curies":[{"name":"wp","href":"https:\/\/api.w.org\/{rel}","templated":true}]}}